{"id":17690,"date":"2021-09-17T15:14:24","date_gmt":"2021-09-17T13:14:24","guid":{"rendered":"https:\/\/breedartstudios.net\/?page_id=17690"},"modified":"2023-04-03T15:15:06","modified_gmt":"2023-04-03T13:15:06","slug":"fondazione-breed-art","status":"publish","type":"page","link":"https:\/\/breedartstudios.net\/it\/fondazione-breed-art\/","title":{"rendered":"Fondazione Breed Art"},"content":{"rendered":"<p><span style=\"color: #000000;\"><a style=\"color: #000000;\" role=\"button\" href=\"https:\/\/donorbox.org\/support-art-1\"><br \/>\n<span style=\"color: #000000;\">Dona!<\/span><br \/>\n<\/a><\/span><\/p>\n<h2 dir=\"ltr\" style=\"line-height: 1.38; background-color: #ffffff; margin-top: 0pt; margin-bottom: 0pt;\"><span style=\"color: #000000;\">La Fondazione Breed Art \u00e8 un&#8217;organizzazione non profit.<\/span><\/h2>\n<p dir=\"ltr\" style=\"line-height: 1.38; background-color: #ffffff; margin-top: 0pt; margin-bottom: 0pt;\"><span style=\"color: #000000;\">L&#8217;iniziativa \u00e8 nata nel gennaio 2017 per sostenere le attivit\u00e0 dello spazio espositivo Breed Art Studios (gi\u00e0 attivo dal novembre 2014), in particolare per dare ad artisti indipendenti la possibilit\u00e0 di esporre.<\/span><\/p>\n<p dir=\"ltr\" style=\"line-height: 1.38; background-color: #ffffff; margin-top: 0pt; margin-bottom: 0pt;\"><span style=\"color: #000000;\">Consiglio di amministrazione:<\/span><\/p>\n<p dir=\"ltr\" style=\"line-height: 1.38; background-color: #ffffff; margin-top: 0pt; margin-bottom: 0pt;\"><span style=\"color: #000000;\">Tatjana Todorovic (RS\/IT): presidente<\/span><\/p>\n<p dir=\"ltr\" style=\"line-height: 1.38; background-color: #ffffff; margin-top: 0pt; margin-bottom: 0pt;\"><span style=\"color: #000000;\">Ronald H Kruger (NL): tesoriere<\/span><\/p>\n<p dir=\"ltr\" style=\"line-height: 1.38; background-color: #ffffff; margin-top: 0pt; margin-bottom: 0pt;\"><span style=\"color: #000000;\">Kitty Doomernik (NL): segretario<\/span><\/p>\n<p dir=\"ltr\" style=\"line-height: 1.38; background-color: #ffffff; margin-top: 0pt; margin-bottom: 0pt;\"><span style=\"color: #000000;\">Petar Kapralov (BG\/NL): membro del consiglio<\/span><\/p>\n<p dir=\"ltr\" style=\"line-height: 1.38; background-color: #ffffff; margin-top: 0pt; margin-bottom: 0pt;\"><span style=\"color: #000000;\">Direttore artistico:<\/span><\/p>\n<p dir=\"ltr\" style=\"line-height: 1.38; background-color: #ffffff; margin-top: 0pt; margin-bottom: 0pt;\"><span style=\"color: #000000;\">Luca Rezzolla (IT)<\/p>\n<p><\/span><\/p>\n<p dir=\"ltr\" style=\"line-height: 1.38; background-color: #ffffff; margin-top: 0pt; margin-bottom: 0pt;\"><span style=\"color: #000000;\">La <strong>Fondazione Breed Art<\/strong> dispone dello spazio di presentazione <strong>Breed Art Studios<\/strong>, un white cube molto luminoso (7x8x6m) situato all&#8217;angolo di un edificio del complesso brutalista progettato dall&#8217;architetto Frans van Gool nel 1968, il Plan van Gool ad Amsterdam-Nord. Si tratta di un quartiere di case popolari con un gruppo di residenti molto eterogeneo. Il carattere internazionale di questo ambiente \u00e8 una delle fonti di ispirazione della nostra linea artistica. Lo spazio espositivo \u00e8 parte di un appartamento-atelier che ospita anche uno studio di registrazione audio e due stanze per artisti.<\/span><\/p>\n<h3 dir=\"ltr\" style=\"line-height: 1.38; background-color: #ffffff; margin-top: 0pt; margin-bottom: 0pt;\"><strong><span style=\"color: #000000;\"><br \/>\nMissione<br \/>\n<\/span><\/strong><\/h3>\n<p dir=\"ltr\" style=\"line-height: 1.38; background-color: #ffffff; margin-top: 0pt; margin-bottom: 0pt;\"><span style=\"color: #000000;\">La Fondazione Breed Art organizza un intenso programma di attivit\u00e0 culturali incentrate sulla presentazione di artisti olandesi ed internazionali che si distinguono per l&#8217;impegno con cui conducono la loro ricerca e l&#8217;approccio innovativo nei confronti di produzione artistica, installazione e performance.<\/span><\/p>\n<p dir=\"ltr\" style=\"line-height: 1.38; background-color: #ffffff; margin-top: 0pt; margin-bottom: 0pt;\">\n<h3 dir=\"ltr\" style=\"line-height: 1.38; background-color: #ffffff; margin-top: 0pt; margin-bottom: 0pt;\"><span style=\"color: #000000;\">Mostre<\/span><\/h3>\n<p dir=\"ltr\" style=\"line-height: 1.38; background-color: #ffffff; margin-top: 0pt; margin-bottom: 0pt;\"><span style=\"color: #000000;\">Scegliamo artisti caratterizzati da prospettive originali, indipendenti e stimolanti. Un approccio influenzato anche dal luogo speciale &#8211; lo Studio-Atelier di Plan Van Gool, che oltre ad essere uno dei giovani monumenti architettonici di Amsterdam \u00e8 anche un luogo che invita ad innovare e sperimentare; all&#8217;arte che espande la mente.<\/span><\/p>\n<p dir=\"ltr\" style=\"line-height: 1.38; background-color: #ffffff; margin-top: 0pt; margin-bottom: 0pt;\"><span style=\"color: #000000;\">Proponiamo sinergie di artisti sia esordienti che affermati che hanno spesso punti di partenza diversi, a volte opposti. \u00c8 una ricerca di confronto ed innovazione che sviluppa interazioni interessanti e permette di mantenere vivo l&#8217;interesse del pubblico.<\/span><\/p>\n<p dir=\"ltr\" style=\"line-height: 1.38; background-color: #ffffff; margin-top: 0pt; margin-bottom: 0pt;\"><span style=\"color: #000000;\">Ci concentriamo anche sulla cooperazione internazionale: ospitiamo artisti stranieri a Breed Art Studios e presentiamo artisti olandesi presso mostre all&#8217;estero, tra cui la Biennale &gt;<a style=\"text-decoration: none; color: #000000;\" href=\"http:\/\/www1.palazzoducale.genova.it\/biennale-le-latitudini-dellarte\/\">\u201cLe Latitudini dell\u2019Arte\u201d<\/a> Italia-Paesi Bassi a Palazzo Ducale, Genova nel 2019 e la sua fase di ritorno al Pulchri Studio, L&#8217;Aia nel 2021 con grande rilevanza istituzionale e afflusso di pubblico.<\/span><\/p>\n<p dir=\"ltr\" style=\"line-height: 1.38; background-color: #ffffff; margin-top: 0pt; margin-bottom: 0pt;\"><span style=\"color: #000000;\"><a style=\"text-decoration: none; color: #000000;\" href=\"https:\/\/iicamsterdam.esteri.it\/iic_amsterdam\/nl\/gli_eventi\/calendario\/2021\/07\/le-latitudini-dell-arte-olanda.html\">&gt;Biennale Le Latitudini dell&#8217;arte, Pulchri Studio<\/a><\/span><\/p>\n<h3 dir=\"ltr\" style=\"line-height: 1.38; background-color: #ffffff; margin-top: 0pt; margin-bottom: 0pt;\"><strong><span style=\"color: #000000;\">Laboratori<\/span><\/strong><\/h3>\n<p dir=\"ltr\" style=\"line-height: 1.38; background-color: #ffffff; margin-top: 0pt; margin-bottom: 0pt;\"><span style=\"color: #000000;\">Durante le mostre, si svolgono workshop gratuiti a bassa soglia per tutte le et\u00e0, tenuti, quando possibile, dagli artisti che espongono. Prima di ogni workshop \u00e8 prevista una visita guidata alla mostra in corso presso Breed Art Studios. Ai partecipanti vengono anche offerte salutari pizze fatte in casa e bevande. In questo modo si favorisce l&#8217;inclusione, la coesione sociale, l&#8217;amicizia e il benessere, L&#8217;esperienza ci mostra che queste attivit\u00e0 a bassa soglia possono attirare appassionati, ma anche persone che si avvicinano per la prima volta all&#8217;arte contemporanea ed al suo valore sociale e culturale. Spesso i residenti di Amsterdam-Nord incontrano abitanti di altri quartieri della citt\u00e0. Ci\u00f2 favorisce la conoscenza di nuove realt\u00e0, l&#8217;abbattimento di certi stereotipi e la nascita di nuove amicizie e collaborazioni.<\/span><\/p>\n<h2><span style=\"color: #000000;\"><b><u>Dona!<\/u><\/b><b><br \/>\n<\/b><b>Nome: <\/b>Stichting Breed Art<\/span><br \/>\n<span style=\"color: #000000;\"><b>IBAN: <\/b>NL06 INGB 0007571926<\/span><\/h2>\n<figure><span style=\"color: #000000;\"><img decoding=\"async\" class=\"aligncenter\" title=\"Breed Art Foundation Logo Transparent\" src=\"https:\/\/breedartstudios.net\/wp-content\/uploads\/elementor\/thumbs\/Breed-Art-Foundation-Logo-Transparent-pd77b4sgpes9irxkuwycolsqr0yyx4hdx5qug5ioq8.png\" alt=\"Breed Art Foundation Logo Transparent\" \/><\/span><\/figure>\n","protected":false},"excerpt":{"rendered":"<p>Dona! La Fondazione Breed Art \u00e8 un&#8217;organizzazione non profit. L&#8217;iniziativa \u00e8 nata nel gennaio 2017 per sostenere le attivit\u00e0 dello spazio espositivo Breed Art Studios (gi\u00e0 attivo dal novembre 2014), in particolare per dare ad artisti indipendenti la possibilit\u00e0 di esporre. Consiglio di amministrazione: Tatjana Todorovic (RS\/IT): presidente Ronald H Kruger (NL): tesoriere Kitty Doomernik [&hellip;]<\/p>\n","protected":false},"author":1,"featured_media":0,"parent":0,"menu_order":0,"comment_status":"closed","ping_status":"closed","template":"","meta":{"_uag_custom_page_level_css":"","site-sidebar-layout":"default","site-content-layout":"","ast-site-content-layout":"default","site-content-style":"default","site-sidebar-style":"default","ast-global-header-display":"","ast-banner-title-visibility":"","ast-main-header-display":"","ast-hfb-above-header-display":"","ast-hfb-below-header-display":"","ast-hfb-mobile-header-display":"","site-post-title":"","ast-breadcrumbs-content":"","ast-featured-img":"","footer-sml-layout":"","ast-disable-related-posts":"","theme-transparent-header-meta":"","adv-header-id-meta":"","stick-header-meta":"","header-above-stick-meta":"","header-main-stick-meta":"","header-below-stick-meta":"","astra-migrate-meta-layouts":"default","ast-page-background-enabled":"default","ast-page-background-meta":{"desktop":{"background-color":"var(--ast-global-color-4)","background-image":"","background-repeat":"repeat","background-position":"center center","background-size":"auto","background-attachment":"scroll","background-type":"","background-media":"","overlay-type":"","overlay-color":"","overlay-opacity":"","overlay-gradient":""},"tablet":{"background-color":"","background-image":"","background-repeat":"repeat","background-position":"center center","background-size":"auto","background-attachment":"scroll","background-type":"","background-media":"","overlay-type":"","overlay-color":"","overlay-opacity":"","overlay-gradient":""},"mobile":{"background-color":"","background-image":"","background-repeat":"repeat","background-position":"center center","background-size":"auto","background-attachment":"scroll","background-type":"","background-media":"","overlay-type":"","overlay-color":"","overlay-opacity":"","overlay-gradient":""}},"ast-content-background-meta":{"desktop":{"background-color":"var(--ast-global-color-5)","background-image":"","background-repeat":"repeat","background-position":"center center","background-size":"auto","background-attachment":"scroll","background-type":"","background-media":"","overlay-type":"","overlay-color":"","overlay-opacity":"","overlay-gradient":""},"tablet":{"background-color":"var(--ast-global-color-5)","background-image":"","background-repeat":"repeat","background-position":"center center","background-size":"auto","background-attachment":"scroll","background-type":"","background-media":"","overlay-type":"","overlay-color":"","overlay-opacity":"","overlay-gradient":""},"mobile":{"background-color":"var(--ast-global-color-5)","background-image":"","background-repeat":"repeat","background-position":"center center","background-size":"auto","background-attachment":"scroll","background-type":"","background-media":"","overlay-type":"","overlay-color":"","overlay-opacity":"","overlay-gradient":""}},"footnotes":""},"class_list":["post-17690","page","type-page","status-publish","hentry"],"yoast_head":"<!-- This site is optimized with the Yoast SEO plugin v27.1.1 - https:\/\/yoast.com\/product\/yoast-seo-wordpress\/ -->\n<title>Fondazione Breed Art - Breed Art Studios Amsterdam<\/title>\n<meta name=\"description\" content=\"La Fondazione Breed Art organizza un intenso programma di attivit\u00e0 culturali. Scopri i nostri prossimi eventi e contattaci per informazioni!\" \/>\n<meta name=\"robots\" content=\"index, follow, max-snippet:-1, max-image-preview:large, max-video-preview:-1\" \/>\n<link rel=\"canonical\" href=\"https:\/\/breedartstudios.net\/it\/fondazione-breed-art\/\" \/>\n<meta property=\"og:locale\" content=\"it_IT\" \/>\n<meta property=\"og:type\" content=\"article\" \/>\n<meta property=\"og:title\" content=\"Fondazione Breed Art - Breed Art Studios Amsterdam\" \/>\n<meta property=\"og:description\" content=\"La Fondazione Breed Art organizza un intenso programma di attivit\u00e0 culturali. Scopri i nostri prossimi eventi e contattaci per informazioni!\" \/>\n<meta property=\"og:url\" content=\"https:\/\/breedartstudios.net\/it\/fondazione-breed-art\/\" \/>\n<meta property=\"og:site_name\" content=\"Breed Art Studios\" \/>\n<meta property=\"article:publisher\" content=\"https:\/\/www.facebook.com\/BreedArtStudios\/\" \/>\n<meta property=\"article:modified_time\" content=\"2023-04-03T13:15:06+00:00\" \/>\n<meta property=\"og:image\" content=\"https:\/\/breedartstudios.net\/wp-content\/uploads\/elementor\/thumbs\/Breed-Art-Foundation-Logo-Transparent-pd77b4sgpes9irxkuwycolsqr0yyx4hdx5qug5ioq8.png\" \/>\n<meta name=\"twitter:card\" content=\"summary_large_image\" \/>\n<meta name=\"twitter:site\" content=\"@BreedArtStudios\" \/>\n<meta name=\"twitter:label1\" content=\"Tempo di lettura stimato\" \/>\n\t<meta name=\"twitter:data1\" content=\"4 minuti\" \/>\n<script type=\"application\/ld+json\" class=\"yoast-schema-graph\">{\"@context\":\"https:\/\/schema.org\",\"@graph\":[{\"@type\":\"WebPage\",\"@id\":\"https:\/\/breedartstudios.net\/it\/fondazione-breed-art\/\",\"url\":\"https:\/\/breedartstudios.net\/it\/fondazione-breed-art\/\",\"name\":\"Fondazione Breed Art - Breed Art Studios Amsterdam\",\"isPartOf\":{\"@id\":\"https:\/\/breedartstudios.net\/it\/#website\"},\"primaryImageOfPage\":{\"@id\":\"https:\/\/breedartstudios.net\/it\/fondazione-breed-art\/#primaryimage\"},\"image\":{\"@id\":\"https:\/\/breedartstudios.net\/it\/fondazione-breed-art\/#primaryimage\"},\"thumbnailUrl\":\"https:\/\/breedartstudios.net\/wp-content\/uploads\/elementor\/thumbs\/Breed-Art-Foundation-Logo-Transparent-pd77b4sgpes9irxkuwycolsqr0yyx4hdx5qug5ioq8.png\",\"datePublished\":\"2021-09-17T13:14:24+00:00\",\"dateModified\":\"2023-04-03T13:15:06+00:00\",\"description\":\"La Fondazione Breed Art organizza un intenso programma di attivit\u00e0 culturali. Scopri i nostri prossimi eventi e contattaci per informazioni!\",\"breadcrumb\":{\"@id\":\"https:\/\/breedartstudios.net\/it\/fondazione-breed-art\/#breadcrumb\"},\"inLanguage\":\"it-IT\",\"potentialAction\":[{\"@type\":\"ReadAction\",\"target\":[\"https:\/\/breedartstudios.net\/it\/fondazione-breed-art\/\"]}]},{\"@type\":\"ImageObject\",\"inLanguage\":\"it-IT\",\"@id\":\"https:\/\/breedartstudios.net\/it\/fondazione-breed-art\/#primaryimage\",\"url\":\"https:\/\/breedartstudios.net\/wp-content\/uploads\/elementor\/thumbs\/Breed-Art-Foundation-Logo-Transparent-pd77b4sgpes9irxkuwycolsqr0yyx4hdx5qug5ioq8.png\",\"contentUrl\":\"https:\/\/breedartstudios.net\/wp-content\/uploads\/elementor\/thumbs\/Breed-Art-Foundation-Logo-Transparent-pd77b4sgpes9irxkuwycolsqr0yyx4hdx5qug5ioq8.png\"},{\"@type\":\"BreadcrumbList\",\"@id\":\"https:\/\/breedartstudios.net\/it\/fondazione-breed-art\/#breadcrumb\",\"itemListElement\":[{\"@type\":\"ListItem\",\"position\":1,\"name\":\"Home\",\"item\":\"https:\/\/breedartstudios.net\/it\/\"},{\"@type\":\"ListItem\",\"position\":2,\"name\":\"Fondazione Breed Art\"}]},{\"@type\":\"WebSite\",\"@id\":\"https:\/\/breedartstudios.net\/it\/#website\",\"url\":\"https:\/\/breedartstudios.net\/it\/\",\"name\":\"Breed Art Studios\",\"description\":\"Contemporary Art\",\"publisher\":{\"@id\":\"https:\/\/breedartstudios.net\/it\/#organization\"},\"potentialAction\":[{\"@type\":\"SearchAction\",\"target\":{\"@type\":\"EntryPoint\",\"urlTemplate\":\"https:\/\/breedartstudios.net\/it\/?s={search_term_string}\"},\"query-input\":{\"@type\":\"PropertyValueSpecification\",\"valueRequired\":true,\"valueName\":\"search_term_string\"}}],\"inLanguage\":\"it-IT\"},{\"@type\":\"Organization\",\"@id\":\"https:\/\/breedartstudios.net\/it\/#organization\",\"name\":\"Breed Art Studios\",\"url\":\"https:\/\/breedartstudios.net\/it\/\",\"logo\":{\"@type\":\"ImageObject\",\"inLanguage\":\"it-IT\",\"@id\":\"https:\/\/breedartstudios.net\/it\/#\/schema\/logo\/image\/\",\"url\":\"https:\/\/breedartstudios.net\/wp-content\/uploads\/2015\/02\/cropped-cropped-cropped-breedlogo.jpg\",\"contentUrl\":\"https:\/\/breedartstudios.net\/wp-content\/uploads\/2015\/02\/cropped-cropped-cropped-breedlogo.jpg\",\"width\":512,\"height\":512,\"caption\":\"Breed Art Studios\"},\"image\":{\"@id\":\"https:\/\/breedartstudios.net\/it\/#\/schema\/logo\/image\/\"},\"sameAs\":[\"https:\/\/www.facebook.com\/BreedArtStudios\/\",\"https:\/\/x.com\/BreedArtStudios\",\"https:\/\/www.instagram.com\/breedartstudios\/\",\"https:\/\/www.youtube.com\/c\/breedartstudiosnet\"]}]}<\/script>\n<!-- \/ Yoast SEO plugin. -->","yoast_head_json":{"title":"Fondazione Breed Art - Breed Art Studios Amsterdam","description":"La Fondazione Breed Art organizza un intenso programma di attivit\u00e0 culturali. Scopri i nostri prossimi eventi e contattaci per informazioni!","robots":{"index":"index","follow":"follow","max-snippet":"max-snippet:-1","max-image-preview":"max-image-preview:large","max-video-preview":"max-video-preview:-1"},"canonical":"https:\/\/breedartstudios.net\/it\/fondazione-breed-art\/","og_locale":"it_IT","og_type":"article","og_title":"Fondazione Breed Art - Breed Art Studios Amsterdam","og_description":"La Fondazione Breed Art organizza un intenso programma di attivit\u00e0 culturali. Scopri i nostri prossimi eventi e contattaci per informazioni!","og_url":"https:\/\/breedartstudios.net\/it\/fondazione-breed-art\/","og_site_name":"Breed Art Studios","article_publisher":"https:\/\/www.facebook.com\/BreedArtStudios\/","article_modified_time":"2023-04-03T13:15:06+00:00","og_image":[{"url":"https:\/\/breedartstudios.net\/wp-content\/uploads\/elementor\/thumbs\/Breed-Art-Foundation-Logo-Transparent-pd77b4sgpes9irxkuwycolsqr0yyx4hdx5qug5ioq8.png","type":"","width":"","height":""}],"twitter_card":"summary_large_image","twitter_site":"@BreedArtStudios","twitter_misc":{"Tempo di lettura stimato":"4 minuti"},"schema":{"@context":"https:\/\/schema.org","@graph":[{"@type":"WebPage","@id":"https:\/\/breedartstudios.net\/it\/fondazione-breed-art\/","url":"https:\/\/breedartstudios.net\/it\/fondazione-breed-art\/","name":"Fondazione Breed Art - Breed Art Studios Amsterdam","isPartOf":{"@id":"https:\/\/breedartstudios.net\/it\/#website"},"primaryImageOfPage":{"@id":"https:\/\/breedartstudios.net\/it\/fondazione-breed-art\/#primaryimage"},"image":{"@id":"https:\/\/breedartstudios.net\/it\/fondazione-breed-art\/#primaryimage"},"thumbnailUrl":"https:\/\/breedartstudios.net\/wp-content\/uploads\/elementor\/thumbs\/Breed-Art-Foundation-Logo-Transparent-pd77b4sgpes9irxkuwycolsqr0yyx4hdx5qug5ioq8.png","datePublished":"2021-09-17T13:14:24+00:00","dateModified":"2023-04-03T13:15:06+00:00","description":"La Fondazione Breed Art organizza un intenso programma di attivit\u00e0 culturali. Scopri i nostri prossimi eventi e contattaci per informazioni!","breadcrumb":{"@id":"https:\/\/breedartstudios.net\/it\/fondazione-breed-art\/#breadcrumb"},"inLanguage":"it-IT","potentialAction":[{"@type":"ReadAction","target":["https:\/\/breedartstudios.net\/it\/fondazione-breed-art\/"]}]},{"@type":"ImageObject","inLanguage":"it-IT","@id":"https:\/\/breedartstudios.net\/it\/fondazione-breed-art\/#primaryimage","url":"https:\/\/breedartstudios.net\/wp-content\/uploads\/elementor\/thumbs\/Breed-Art-Foundation-Logo-Transparent-pd77b4sgpes9irxkuwycolsqr0yyx4hdx5qug5ioq8.png","contentUrl":"https:\/\/breedartstudios.net\/wp-content\/uploads\/elementor\/thumbs\/Breed-Art-Foundation-Logo-Transparent-pd77b4sgpes9irxkuwycolsqr0yyx4hdx5qug5ioq8.png"},{"@type":"BreadcrumbList","@id":"https:\/\/breedartstudios.net\/it\/fondazione-breed-art\/#breadcrumb","itemListElement":[{"@type":"ListItem","position":1,"name":"Home","item":"https:\/\/breedartstudios.net\/it\/"},{"@type":"ListItem","position":2,"name":"Fondazione Breed Art"}]},{"@type":"WebSite","@id":"https:\/\/breedartstudios.net\/it\/#website","url":"https:\/\/breedartstudios.net\/it\/","name":"Breed Art Studios","description":"Contemporary Art","publisher":{"@id":"https:\/\/breedartstudios.net\/it\/#organization"},"potentialAction":[{"@type":"SearchAction","target":{"@type":"EntryPoint","urlTemplate":"https:\/\/breedartstudios.net\/it\/?s={search_term_string}"},"query-input":{"@type":"PropertyValueSpecification","valueRequired":true,"valueName":"search_term_string"}}],"inLanguage":"it-IT"},{"@type":"Organization","@id":"https:\/\/breedartstudios.net\/it\/#organization","name":"Breed Art Studios","url":"https:\/\/breedartstudios.net\/it\/","logo":{"@type":"ImageObject","inLanguage":"it-IT","@id":"https:\/\/breedartstudios.net\/it\/#\/schema\/logo\/image\/","url":"https:\/\/breedartstudios.net\/wp-content\/uploads\/2015\/02\/cropped-cropped-cropped-breedlogo.jpg","contentUrl":"https:\/\/breedartstudios.net\/wp-content\/uploads\/2015\/02\/cropped-cropped-cropped-breedlogo.jpg","width":512,"height":512,"caption":"Breed Art Studios"},"image":{"@id":"https:\/\/breedartstudios.net\/it\/#\/schema\/logo\/image\/"},"sameAs":["https:\/\/www.facebook.com\/BreedArtStudios\/","https:\/\/x.com\/BreedArtStudios","https:\/\/www.instagram.com\/breedartstudios\/","https:\/\/www.youtube.com\/c\/breedartstudiosnet"]}]}},"uagb_featured_image_src":{"full":false,"thumbnail":false,"medium":false,"medium_large":false,"large":false,"1536x1536":false,"2048x2048":false,"woocommerce_thumbnail":false,"woocommerce_single":false,"woocommerce_gallery_thumbnail":false},"uagb_author_info":{"display_name":"breedartstudios","author_link":"https:\/\/breedartstudios.net\/it\/author\/breedartstudios\/"},"uagb_comment_info":0,"uagb_excerpt":"Dona! La Fondazione Breed Art \u00e8 un&#8217;organizzazione non profit. L&#8217;iniziativa \u00e8 nata nel gennaio 2017 per sostenere le attivit\u00e0 dello spazio espositivo Breed Art Studios (gi\u00e0 attivo dal novembre 2014), in particolare per dare ad artisti indipendenti la possibilit\u00e0 di esporre. Consiglio di amministrazione: Tatjana Todorovic (RS\/IT): presidente Ronald H Kruger (NL): tesoriere Kitty Doomernik&hellip;","_links":{"self":[{"href":"https:\/\/breedartstudios.net\/it\/wp-json\/wp\/v2\/pages\/17690","targetHints":{"allow":["GET"]}}],"collection":[{"href":"https:\/\/breedartstudios.net\/it\/wp-json\/wp\/v2\/pages"}],"about":[{"href":"https:\/\/breedartstudios.net\/it\/wp-json\/wp\/v2\/types\/page"}],"author":[{"embeddable":true,"href":"https:\/\/breedartstudios.net\/it\/wp-json\/wp\/v2\/users\/1"}],"replies":[{"embeddable":true,"href":"https:\/\/breedartstudios.net\/it\/wp-json\/wp\/v2\/comments?post=17690"}],"version-history":[{"count":0,"href":"https:\/\/breedartstudios.net\/it\/wp-json\/wp\/v2\/pages\/17690\/revisions"}],"wp:attachment":[{"href":"https:\/\/breedartstudios.net\/it\/wp-json\/wp\/v2\/media?parent=17690"}],"curies":[{"name":"wp","href":"https:\/\/api.w.org\/{rel}","templated":true}]}}